{"id":66784,"date":"2022-03-22T19:14:57","date_gmt":"2022-03-22T19:14:57","guid":{"rendered":"https:\/\/vistula.edu.pl\/university\/university-structure\/instytut-badan-w-dyscyplinie-nauki-o-zarzadzaniu-i-jakosci\/"},"modified":"2022-03-22T20:10:25","modified_gmt":"2022-03-22T20:10:25","slug":"institute-of-research-in-the-discipline-of-management-and-quality-sciences","status":"publish","type":"page","link":"https:\/\/vistula.edu.pl\/en\/university\/university-structure\/institute-of-research-in-the-discipline-of-management-and-quality-sciences","title":{"rendered":"Institute of Research in the discipline of Management and Quality Sciences"},"content":{"rendered":"\n\n<section class=\" o-section c-candidate-inf\" id=\"\">\n  <div class=\"o-wrapper c-candidate-inf__container\">\n        <div class=\"c-candidate-inf__blocks-wrapper  c-candidate-inf__blocks-wrapper--paddin-none\">\n                <div\n        class=\"c-candidate-inf__inner-block o-flex c-candidate-inf__inner-block--flex \">\n\n        <div\n          class=\"c-candidate-inf__inner-items u-flex-9\/12@medium u-flex-12\/12 \">\n                    <div class=\"c-candidate-inf__header c-candidate-inf__header--inner\">\n                        <h2 class=\"c-heading c-heading--h2 c-candidate-inf__title  u-color--sub-6 c-heading--radius \">Institute of Research in the discipline of Management and Quality Sciences<\/h2>                                              <\/div>\n                              \n<section\n  class=\"o-section c-basic-section    \"\n  id=\"\">\n  <div class=\"o-wrapper c-basic-section__container\">\n    \n    <div class=\"c-basic-section__content\">\n                                                  <\/div>\n\n    <div\n      class=\"c-basic-section__content-inner-block  \">\n\n            \n<section\n  class=\"o-section c-basic-section    \"\n  id=\"\">\n  <div class=\"o-wrapper c-basic-section__container\">\n    \n    <div class=\"c-basic-section__content\">\n                                                  <\/div>\n\n    <div\n      class=\"c-basic-section__content-inner-block  \">\n\n            \n\n<p><strong>The Institute is headed by Prof. El\u017cbieta J\u0119drych, PhD.<\/strong><\/p>\n\n\n\n<p>The Institute\u2019s team consists of a large group of colleagues from business practice, experts, and specialists in various fields of management. The variety of experience of the Institute\u2019s employees translates into their research interests, which are reflected in scientific publications, participation in conferences, along with applications for scientific grants.<\/p>\n\n\n\n<p>The Institute conducts scientific research on broadly understood management issues. The research aims to develop new management concepts, methods, techniques, and tools, to meet the managerial requirements related to the management of organisations in the era of globalisation, technological and demographic changes, and the pursuit of sustainable development of the economy and society.<\/p>\n\n\n\n<p>The research of the Institute\u2019s employees focuses on the following management areas: human capital management in business and public administration; project management in public institutions; conditions for the implementation of new technologies (including mobile media) for the implementation of business ventures and shaping entrepreneurial attitudes; management talents in multi-cultural organisations; shaping social capital in organisations \u2013 investing in social capital, corporate social responsibility, and sustainable development of the organisation; and conditions of social and business relations within the organisation and between organisations \u2013 inter-organisational co-operation networks.<\/p>\n\n\n          <\/div>\n  <\/div>\n<\/section>\n\n\n          <\/div>\n  <\/div>\n<\/section>\n\n\n<section\n  class=\"o-section c-simple   c-simple--rm-shadow  c-simple--rm-wave     \" id=\"\">\n  <div class=\"o-wrapper c-simple__container o-flex o-flex--grids  o-flex--centered\">\n                      \n    <div\n      class=\"c-simple__content o-flex__item u-flex-6\/12@medium \">\n                                        <div class=\"c-simple__desc\">\n                      <p>The leading theme of the research of the Institute in 2019, was:\u00a0<strong>\u2018Theoretical and practical aspects of managing business organisations in the era of globalisation and the technical revolution 4.0\u2019<\/strong>.<\/p>\n\n                  <\/div>\n                    <\/div>\n                          <div\n      class=\"c-simple__image o-flex__item u-flex-6\/12@medium \">\n              <img decoding=\"async\" src=\"https:\/\/b2929804.smushcdn.com\/2929804\/wp-content\/uploads\/2022\/03\/instytut-zarzadzania-565x278-1.jpg?lossy=1&strip=1&webp=1\" alt=\"\" loading=\"lazy\" \/>\n          <\/div>\n    <\/section>\n\n\n<section\n  class=\"o-section c-basic-section    \"\n  id=\"\">\n  <div class=\"o-wrapper c-basic-section__container\">\n    \n    <div class=\"c-basic-section__content\">\n                                                  <\/div>\n\n    <div\n      class=\"c-basic-section__content-inner-block  \">\n\n            \n\n<p><strong>Key research problems are:<\/strong><\/p>\n\n\n\n<ul class=\"wp-block-list\"><li>Management of social networks inside and outside organisations. Managing the hidden business potential of an organisation. (E. J\u0119drych and the Institute\u2019s staff team).<\/li><li>Analysis of the competences of the future in a knowledge-based economy. Holistic development of social and digital competences in the context of the industrial revolution 4.0. (M. Pleba\u0144ska).<\/li><li>Competency model of student education in the context of changes in the labour market. (A. R\u0119kawek).<\/li><li>Sustainability reporting from the perspective of various industries. (J. Berniak-Wo\u017any).<\/li><li>Enterprise innovation \u2013 quality trends. (E. Kopciuszewska).<\/li><li>Adaptation of Korean brands marketing strategies to conditions in Poland. Relations with trade unions of Korean enterprises in Poland. Competitiveness of the national market for Korean investments in the EU. (K. Nowakowski).<\/li><li>Applications of artificial intelligence in business. Construction and testing of country-specific measures of economic uncertainty. Application of text mining to verification of the quality of the university accreditation process in Poland, Russia, and Kazakhstan. A machine learning framework for automated analysis of formal and informal central bank communication in Poland and Russia. (K. Rybi\u0144ski).<\/li><li>Research on the correlation of agility, intellectual capital, and inter-organisational management in a group of 200 enterprises in the Podkarpackie Voivodeship. (Z. Olesi\u0144ski)<\/li><li>Analysis of the expectations of employees from generation \u2018Y\u2019 towards recruitment and functioning in a changing business environment. (M. Kaczkowska-Serafi\u0144ska)<\/li><li>Analysis of the impact of social media on social and economic changes. Assessment of the functioning of ICT systems in the Polish banking sector. Development prospects for the creative sector in Poland. (A. Kwasek).<\/li><li>Theory of co-operative games. Business Ethics. Financial engineering. Teamwork: Prof. Fr. Cabo (Spain), G. Rz\u0105dkowski, M. Sidor-Rzadkowska, L. Zaremba.<\/li><\/ul>\n\n\n\n<p><strong>The following conferences have recently been held under the aegis of the Institute:<\/strong><\/p>\n\n\n\n<ul class=\"wp-block-list\"><li>National Scientific Conference organised in co-operation with the Pozna\u0144 University of Economics on: \u2018Social Capital and Trust in Business\u2019 (2018);<\/li><li>National Scientific Conference on the challenges of education: \u2018Strategic goals of education. Where are we? Where are we headed?\u2019 The conference began a series of debates on education strategies in Poland (2017);<\/li><li>National conference: \u2018Education of the 21st Century \u2013 Problems and Challenges\u2019 (2016);<\/li><li>Conference: \u2018Economic and financial disturbances in Europe and the world, in the second decade of the 21st century\u2019 (2016);<\/li><li>International conference: \u2018Intellectual capital of knowledge workers 65 plus, and the possibilities of its use\u2019 (2016).<\/li><\/ul>\n\n\n          <\/div>\n  <\/div>\n<\/section>\n\n\n<section\n  class=\"o-section c-basic-section    \"\n  id=\"\">\n  <div class=\"o-wrapper c-basic-section__container\">\n    \n    <div class=\"c-basic-section__content\">\n                                                  <\/div>\n\n    <div\n      class=\"c-basic-section__content-inner-block  \">\n\n            \n          <\/div>\n  <\/div>\n<\/section>\n\n\n\n<p><\/p>\n\n\n                  <\/div>\n \n                <div class=\"c-candidate-inf__menu u-flex-3\/12@medium u-flex-12\/12 js-candidate-inf-menu\">\n                              <div class=\"c-children-menu c-children-menu--desktop\" style=\"max-height: calc(100vh - 112px); margin-bottom:112px; overflow-y: auto;\">\n  <p class=\"c-children-menu__title u-text--strong u-text--smaller u-font-color--2\">Jakich informacji szukasz?<\/p>\n\n  \n                            <ul class=\"o-list-bare c-children-menu__list\">\n            <li class=\"c-children-menu__item\" style=\"order: 1;\">\n      <a class=\"c-children-menu__link \"\n        href=\"https:\/\/vistula.edu.pl\/en\/university\/university-structure\/institute-of-research-in-the-discipline-of-economics-and-finance\">Institute of Research in the discipline of Economics and Finance<\/a>\n    <\/li>\n        <li class=\"c-children-menu__item\" style=\"order: 2;\">\n      <a class=\"c-children-menu__link \"\n        href=\"https:\/\/vistula.edu.pl\/en\/university\/university-structure\/institute-of-research-in-the-discipline-of-political-science-and-administration\">Institute of Research in the discipline of Political Science and Administration<\/a>\n    <\/li>\n        <li class=\"c-children-menu__item\" style=\"order: 3;\">\n      <a class=\"c-children-menu__link \"\n        href=\"https:\/\/vistula.edu.pl\/en\/university\/university-structure\/institute-of-research-in-the-discipline-of-history\">Institute of Research in the discipline of History<\/a>\n    <\/li>\n        <li class=\"c-children-menu__item\" style=\"order: 4;\">\n      <a class=\"c-children-menu__link \"\n        href=\"https:\/\/vistula.edu.pl\/en\/university\/university-structure\/asia-research-institute\">Asia Research Institute<\/a>\n    <\/li>\n        <li class=\"c-children-menu__item\" style=\"order: 5;\">\n      <a class=\"c-children-menu__link  is-active\"\n        href=\"https:\/\/vistula.edu.pl\/en\/university\/university-structure\/institute-of-research-in-the-discipline-of-management-and-quality-sciences\">Institute of Research in the discipline of Management and Quality Sciences<\/a>\n    <\/li>\n      <\/ul>\n  \n  <\/div>\n  <div class=\"c-button c-button--primary c-button--fixed-pos c-button--with-icon js-prev-section\" style=\"\n    padding-left: 5px; \n    position: sticky;\n    top: calc(100vh - 82px);\n    margin:0 15px 30px;\n    display:none;\n    width:calc(100% - 30px)\">\n    <span class=\"c-icon c-icon--rotate-180\">  \n        <svg width=\"8\" height=\"8\" viewBox=\"0 0 8 8\" fill=\"none\" xmlns=\"http:\/\/www.w3.org\/2000\/svg\">\n<path fill-rule=\"evenodd\" clip-rule=\"evenodd\" d=\"M4 8L0 0L8 0L4 8Z\" fill=\"#ffffff\"\/>\n<\/svg>\n\n    <\/span>Previous section\n  <\/div>\n \n\n<div class=\"c-children-menu c-children-menu--mobile js-select-links\" style=\"align-items:center; justify-content:space-between;\">\n\n  <div class=\"c-button c-button--primary c-button--fixed-pos c-button--with-icon js-prev-section\" style=\"\n    display:none;\n    flex: 0 0 35%; \n    margin: 0!important;\n    margin-top: -8px!important;\">\n    <span class=\"c-icon c-icon--rotate-180\">  \n        <svg width=\"8\" height=\"8\" viewBox=\"0 0 8 8\" fill=\"none\" xmlns=\"http:\/\/www.w3.org\/2000\/svg\">\n<path fill-rule=\"evenodd\" clip-rule=\"evenodd\" d=\"M4 8L0 0L8 0L4 8Z\" fill=\"#ffffff\"\/>\n<\/svg>\n\n    <\/span>Back\n  <\/div>\n                            <div style=\"flex-grow: 1;flex-basis:65%; margin-left:10px \">\n\n    <label class=\"c-label c-label--select\">\n    <span class=\"c-label__title\" id=\"form-input-label--950288\"><\/span>\n        <div class=\"c-select__container\">\n        <select id=\"form-input--950288\" name=\"menu-children\" class=\"c-select js-select\" aria-labelledby=\"form-input-label--950288\">\n                                        <option value=\"\" selected >Jakich informacji szukasz?<\/option>\n                                                             \n               \n                        \n                                       \n                <option class=\"\" value=\"https:\/\/vistula.edu.pl\/en\/university\/university-structure\/institute-of-research-in-the-discipline-of-economics-and-finance\">Institute of Research in the discipline of Economics and Finance<\/option>\n                                                 \n               \n                        \n                                       \n                <option class=\"\" value=\"https:\/\/vistula.edu.pl\/en\/university\/university-structure\/institute-of-research-in-the-discipline-of-political-science-and-administration\">Institute of Research in the discipline of Political Science and Administration<\/option>\n                                                 \n               \n                        \n                                       \n                <option class=\"\" value=\"https:\/\/vistula.edu.pl\/en\/university\/university-structure\/institute-of-research-in-the-discipline-of-history\">Institute of Research in the discipline of History<\/option>\n                                                 \n               \n                        \n                                       \n                <option class=\"\" value=\"https:\/\/vistula.edu.pl\/en\/university\/university-structure\/asia-research-institute\">Asia Research Institute<\/option>\n                                                                                     \n            \n                <option class=\"active\" value=\"https:\/\/vistula.edu.pl\/en\/university\/university-structure\/institute-of-research-in-the-discipline-of-management-and-quality-sciences\">Institute of Research in the discipline of Management and Quality Sciences<\/option>\n                    <\/select>\n                    <\/div>\n    <\/label>\n<\/div>\n<\/div>\n\n        <\/div>\n              <\/div>\n      \n    <\/div>\n  <\/div>\n  <\/section>\n","protected":false},"excerpt":{"rendered":"<p>W\u0142adze, wydzia\u0142y, programy kszta\u0142cenia, studia, centra naukowe.<\/p>\n","protected":false},"author":4,"featured_media":6671,"parent":29252,"menu_order":338,"comment_status":"closed","ping_status":"closed","template":"","meta":{"_acf_changed":false,"inline_featured_image":false,"footnotes":""},"class_list":["post-66784","page","type-page","status-publish","has-post-thumbnail","hentry"],"acf":[],"yoast_head":"<!-- This site is optimized with the Yoast SEO plugin v26.7 - https:\/\/yoast.com\/wordpress\/plugins\/seo\/ -->\n<title>Institute of Research in the discipline of Management and Quality Sciences - Vistula University<\/title>\n<meta name=\"robots\" content=\"index, follow, max-snippet:-1, max-image-preview:large, max-video-preview:-1\" \/>\n<link rel=\"canonical\" href=\"https:\/\/vistula.edu.pl\/en\/university\/university-structure\/institute-of-research-in-the-discipline-of-management-and-quality-sciences\" \/>\n<meta property=\"og:locale\" content=\"en_US\" \/>\n<meta property=\"og:type\" content=\"article\" \/>\n<meta property=\"og:title\" content=\"Institute of Research in the discipline of Management and Quality Sciences - Vistula University\" \/>\n<meta property=\"og:description\" content=\"W\u0142adze, wydzia\u0142y, programy kszta\u0142cenia, studia, centra naukowe.\" \/>\n<meta property=\"og:url\" content=\"https:\/\/vistula.edu.pl\/en\/university\/university-structure\/institute-of-research-in-the-discipline-of-management-and-quality-sciences\" \/>\n<meta property=\"og:site_name\" content=\"Vistula University\" \/>\n<meta property=\"article:modified_time\" content=\"2022-03-22T20:10:25+00:00\" \/>\n<meta property=\"og:image\" content=\"https:\/\/vistula.edu.pl\/wp-content\/uploads\/2022\/01\/dsc-1826-870x485-1.jpeg\" \/>\n\t<meta property=\"og:image:width\" content=\"870\" \/>\n\t<meta property=\"og:image:height\" content=\"485\" \/>\n\t<meta property=\"og:image:type\" content=\"image\/jpeg\" \/>\n<meta name=\"twitter:card\" content=\"summary_large_image\" \/>\n<meta name=\"twitter:label1\" content=\"Est. reading time\" \/>\n\t<meta name=\"twitter:data1\" content=\"4 minutes\" \/>\n<script type=\"application\/ld+json\" class=\"yoast-schema-graph\">{\"@context\":\"https:\/\/schema.org\",\"@graph\":[{\"@type\":\"WebPage\",\"@id\":\"https:\/\/vistula.edu.pl\/en\/university\/university-structure\/institute-of-research-in-the-discipline-of-management-and-quality-sciences\",\"url\":\"https:\/\/vistula.edu.pl\/en\/university\/university-structure\/institute-of-research-in-the-discipline-of-management-and-quality-sciences\",\"name\":\"Institute of Research in the discipline of Management and Quality Sciences - Vistula University\",\"isPartOf\":{\"@id\":\"https:\/\/vistula.edu.pl\/en#website\"},\"primaryImageOfPage\":{\"@id\":\"https:\/\/vistula.edu.pl\/en\/university\/university-structure\/institute-of-research-in-the-discipline-of-management-and-quality-sciences#primaryimage\"},\"image\":{\"@id\":\"https:\/\/vistula.edu.pl\/en\/university\/university-structure\/institute-of-research-in-the-discipline-of-management-and-quality-sciences#primaryimage\"},\"thumbnailUrl\":\"https:\/\/vistula.edu.pl\/wp-content\/uploads\/2022\/01\/dsc-1826-870x485-1.jpeg\",\"datePublished\":\"2022-03-22T19:14:57+00:00\",\"dateModified\":\"2022-03-22T20:10:25+00:00\",\"breadcrumb\":{\"@id\":\"https:\/\/vistula.edu.pl\/en\/university\/university-structure\/institute-of-research-in-the-discipline-of-management-and-quality-sciences#breadcrumb\"},\"inLanguage\":\"en-US\",\"potentialAction\":[{\"@type\":\"ReadAction\",\"target\":[\"https:\/\/vistula.edu.pl\/en\/university\/university-structure\/institute-of-research-in-the-discipline-of-management-and-quality-sciences\"]}]},{\"@type\":\"ImageObject\",\"inLanguage\":\"en-US\",\"@id\":\"https:\/\/vistula.edu.pl\/en\/university\/university-structure\/institute-of-research-in-the-discipline-of-management-and-quality-sciences#primaryimage\",\"url\":\"https:\/\/vistula.edu.pl\/wp-content\/uploads\/2022\/01\/dsc-1826-870x485-1.jpeg\",\"contentUrl\":\"https:\/\/vistula.edu.pl\/wp-content\/uploads\/2022\/01\/dsc-1826-870x485-1.jpeg\",\"width\":870,\"height\":485,\"caption\":\"rektor, fotografia, inauguracja\"},{\"@type\":\"BreadcrumbList\",\"@id\":\"https:\/\/vistula.edu.pl\/en\/university\/university-structure\/institute-of-research-in-the-discipline-of-management-and-quality-sciences#breadcrumb\",\"itemListElement\":[{\"@type\":\"ListItem\",\"position\":1,\"name\":\"Home\",\"item\":\"https:\/\/vistula.edu.pl\/en\"},{\"@type\":\"ListItem\",\"position\":2,\"name\":\"University\",\"item\":\"https:\/\/vistula.edu.pl\/en\/university\"},{\"@type\":\"ListItem\",\"position\":3,\"name\":\"University structure\",\"item\":\"https:\/\/vistula.edu.pl\/en\/university\/university-structure\"},{\"@type\":\"ListItem\",\"position\":4,\"name\":\"Institute of Research in the discipline of Management and Quality Sciences\"}]},{\"@type\":\"WebSite\",\"@id\":\"https:\/\/vistula.edu.pl\/en#website\",\"url\":\"https:\/\/vistula.edu.pl\/en\",\"name\":\"Vistula University\",\"description\":\"\",\"publisher\":{\"@id\":\"https:\/\/vistula.edu.pl\/en#organization\"},\"potentialAction\":[{\"@type\":\"SearchAction\",\"target\":{\"@type\":\"EntryPoint\",\"urlTemplate\":\"https:\/\/vistula.edu.pl\/en?s={search_term_string}\"},\"query-input\":{\"@type\":\"PropertyValueSpecification\",\"valueRequired\":true,\"valueName\":\"search_term_string\"}}],\"inLanguage\":\"en-US\"},{\"@type\":\"Organization\",\"@id\":\"https:\/\/vistula.edu.pl\/en#organization\",\"name\":\"Vistula University\",\"url\":\"https:\/\/vistula.edu.pl\/en\",\"logo\":{\"@type\":\"ImageObject\",\"inLanguage\":\"en-US\",\"@id\":\"https:\/\/vistula.edu.pl\/en#\/schema\/logo\/image\/\",\"url\":\"https:\/\/vistula.edu.pl\/wp-content\/uploads\/2022\/02\/logo_vistula_en.svg\",\"contentUrl\":\"https:\/\/vistula.edu.pl\/wp-content\/uploads\/2022\/02\/logo_vistula_en.svg\",\"width\":52,\"height\":59,\"caption\":\"Vistula University\"},\"image\":{\"@id\":\"https:\/\/vistula.edu.pl\/en#\/schema\/logo\/image\/\"}}]}<\/script>\n<!-- \/ Yoast SEO plugin. -->","yoast_head_json":{"title":"Institute of Research in the discipline of Management and Quality Sciences - Vistula University","robots":{"index":"index","follow":"follow","max-snippet":"max-snippet:-1","max-image-preview":"max-image-preview:large","max-video-preview":"max-video-preview:-1"},"canonical":"https:\/\/vistula.edu.pl\/en\/university\/university-structure\/institute-of-research-in-the-discipline-of-management-and-quality-sciences","og_locale":"en_US","og_type":"article","og_title":"Institute of Research in the discipline of Management and Quality Sciences - Vistula University","og_description":"W\u0142adze, wydzia\u0142y, programy kszta\u0142cenia, studia, centra naukowe.","og_url":"https:\/\/vistula.edu.pl\/en\/university\/university-structure\/institute-of-research-in-the-discipline-of-management-and-quality-sciences","og_site_name":"Vistula University","article_modified_time":"2022-03-22T20:10:25+00:00","og_image":[{"width":870,"height":485,"url":"https:\/\/vistula.edu.pl\/wp-content\/uploads\/2022\/01\/dsc-1826-870x485-1.jpeg","type":"image\/jpeg"}],"twitter_card":"summary_large_image","twitter_misc":{"Est. reading time":"4 minutes"},"schema":{"@context":"https:\/\/schema.org","@graph":[{"@type":"WebPage","@id":"https:\/\/vistula.edu.pl\/en\/university\/university-structure\/institute-of-research-in-the-discipline-of-management-and-quality-sciences","url":"https:\/\/vistula.edu.pl\/en\/university\/university-structure\/institute-of-research-in-the-discipline-of-management-and-quality-sciences","name":"Institute of Research in the discipline of Management and Quality Sciences - Vistula University","isPartOf":{"@id":"https:\/\/vistula.edu.pl\/en#website"},"primaryImageOfPage":{"@id":"https:\/\/vistula.edu.pl\/en\/university\/university-structure\/institute-of-research-in-the-discipline-of-management-and-quality-sciences#primaryimage"},"image":{"@id":"https:\/\/vistula.edu.pl\/en\/university\/university-structure\/institute-of-research-in-the-discipline-of-management-and-quality-sciences#primaryimage"},"thumbnailUrl":"https:\/\/vistula.edu.pl\/wp-content\/uploads\/2022\/01\/dsc-1826-870x485-1.jpeg","datePublished":"2022-03-22T19:14:57+00:00","dateModified":"2022-03-22T20:10:25+00:00","breadcrumb":{"@id":"https:\/\/vistula.edu.pl\/en\/university\/university-structure\/institute-of-research-in-the-discipline-of-management-and-quality-sciences#breadcrumb"},"inLanguage":"en-US","potentialAction":[{"@type":"ReadAction","target":["https:\/\/vistula.edu.pl\/en\/university\/university-structure\/institute-of-research-in-the-discipline-of-management-and-quality-sciences"]}]},{"@type":"ImageObject","inLanguage":"en-US","@id":"https:\/\/vistula.edu.pl\/en\/university\/university-structure\/institute-of-research-in-the-discipline-of-management-and-quality-sciences#primaryimage","url":"https:\/\/vistula.edu.pl\/wp-content\/uploads\/2022\/01\/dsc-1826-870x485-1.jpeg","contentUrl":"https:\/\/vistula.edu.pl\/wp-content\/uploads\/2022\/01\/dsc-1826-870x485-1.jpeg","width":870,"height":485,"caption":"rektor, fotografia, inauguracja"},{"@type":"BreadcrumbList","@id":"https:\/\/vistula.edu.pl\/en\/university\/university-structure\/institute-of-research-in-the-discipline-of-management-and-quality-sciences#breadcrumb","itemListElement":[{"@type":"ListItem","position":1,"name":"Home","item":"https:\/\/vistula.edu.pl\/en"},{"@type":"ListItem","position":2,"name":"University","item":"https:\/\/vistula.edu.pl\/en\/university"},{"@type":"ListItem","position":3,"name":"University structure","item":"https:\/\/vistula.edu.pl\/en\/university\/university-structure"},{"@type":"ListItem","position":4,"name":"Institute of Research in the discipline of Management and Quality Sciences"}]},{"@type":"WebSite","@id":"https:\/\/vistula.edu.pl\/en#website","url":"https:\/\/vistula.edu.pl\/en","name":"Vistula University","description":"","publisher":{"@id":"https:\/\/vistula.edu.pl\/en#organization"},"potentialAction":[{"@type":"SearchAction","target":{"@type":"EntryPoint","urlTemplate":"https:\/\/vistula.edu.pl\/en?s={search_term_string}"},"query-input":{"@type":"PropertyValueSpecification","valueRequired":true,"valueName":"search_term_string"}}],"inLanguage":"en-US"},{"@type":"Organization","@id":"https:\/\/vistula.edu.pl\/en#organization","name":"Vistula University","url":"https:\/\/vistula.edu.pl\/en","logo":{"@type":"ImageObject","inLanguage":"en-US","@id":"https:\/\/vistula.edu.pl\/en#\/schema\/logo\/image\/","url":"https:\/\/vistula.edu.pl\/wp-content\/uploads\/2022\/02\/logo_vistula_en.svg","contentUrl":"https:\/\/vistula.edu.pl\/wp-content\/uploads\/2022\/02\/logo_vistula_en.svg","width":52,"height":59,"caption":"Vistula University"},"image":{"@id":"https:\/\/vistula.edu.pl\/en#\/schema\/logo\/image\/"}}]}},"_links":{"self":[{"href":"https:\/\/vistula.edu.pl\/en\/wp-json\/wp\/v2\/pages\/66784","targetHints":{"allow":["GET"]}}],"collection":[{"href":"https:\/\/vistula.edu.pl\/en\/wp-json\/wp\/v2\/pages"}],"about":[{"href":"https:\/\/vistula.edu.pl\/en\/wp-json\/wp\/v2\/types\/page"}],"author":[{"embeddable":true,"href":"https:\/\/vistula.edu.pl\/en\/wp-json\/wp\/v2\/users\/4"}],"replies":[{"embeddable":true,"href":"https:\/\/vistula.edu.pl\/en\/wp-json\/wp\/v2\/comments?post=66784"}],"version-history":[{"count":0,"href":"https:\/\/vistula.edu.pl\/en\/wp-json\/wp\/v2\/pages\/66784\/revisions"}],"up":[{"embeddable":true,"href":"https:\/\/vistula.edu.pl\/en\/wp-json\/wp\/v2\/pages\/29252"}],"wp:featuredmedia":[{"embeddable":true,"href":"https:\/\/vistula.edu.pl\/en\/wp-json\/wp\/v2\/media\/6671"}],"wp:attachment":[{"href":"https:\/\/vistula.edu.pl\/en\/wp-json\/wp\/v2\/media?parent=66784"}],"curies":[{"name":"wp","href":"https:\/\/api.w.org\/{rel}","templated":true}]}}