{"id":66770,"date":"2022-03-22T18:56:15","date_gmt":"2022-03-22T18:56:15","guid":{"rendered":"https:\/\/vistula.edu.pl\/university\/university-structure\/instytut-badan-w-dyscyplinie-nauki-o-polityce-i-administracji\/"},"modified":"2022-03-22T19:58:50","modified_gmt":"2022-03-22T19:58:50","slug":"institute-of-research-in-the-discipline-of-political-science-and-administration","status":"publish","type":"page","link":"https:\/\/vistula.edu.pl\/en\/university\/university-structure\/institute-of-research-in-the-discipline-of-political-science-and-administration","title":{"rendered":"Institute of Research in the discipline of Political Science and Administration"},"content":{"rendered":"\n\n<section class=\" o-section c-candidate-inf\" id=\"\">\n  <div class=\"o-wrapper c-candidate-inf__container\">\n        <div class=\"c-candidate-inf__blocks-wrapper  c-candidate-inf__blocks-wrapper--paddin-none\">\n                <div\n        class=\"c-candidate-inf__inner-block o-flex c-candidate-inf__inner-block--flex \">\n\n        <div\n          class=\"c-candidate-inf__inner-items u-flex-9\/12@medium u-flex-12\/12 \">\n                    <div class=\"c-candidate-inf__header c-candidate-inf__header--inner\">\n                        <h2 class=\"c-heading c-heading--h2 c-candidate-inf__title  u-color--sub-6 c-heading--radius \">Institute of Research in the discipline of Political Science and Administration<\/h2>                                              <\/div>\n                              \n<section\n  class=\"o-section c-basic-section    \"\n  id=\"\">\n  <div class=\"o-wrapper c-basic-section__container\">\n    \n    <div class=\"c-basic-section__content\">\n                                                  <\/div>\n\n    <div\n      class=\"c-basic-section__content-inner-block  \">\n\n            \n\n<p><strong>The director of the Institute is Prof. Wojciech Kostecki, PhD.<\/strong><\/p>\n\n\n\n<p>The<strong> scope of the Institute\u2019s activities includes:<\/strong><\/p>\n\n\n\n<ul class=\"wp-block-list\"><li>international relations and globalization<\/li><li>international political economy<\/li><li>political systems and the latest political history of the Republic of Poland<\/li><li>political philosophy and ethics in politics,<\/li><li>social and political movements, issues of leadership<\/li><\/ul>\n\n\n\n<p>The Institute\u2019 activities have been launched in the 2019\/20 academic year. Its goal is to join the world political science as much as possible and build achievements in both international and Polish context. The researchers from the Institute participate in international and domestic research networks, thus promoting the Institute\u2019s brand and developing an individual scientific career. In its work, the Institute pays special attention to publications in high-ranking journals in the country and abroad.<\/p>\n\n\n\n<p>An online seminar with guests from other academic centres and think tanks and NGOs was a major event in the Institute\u2019s foregoing activities. Dr Bart\u0142omiej Nowak presented the assumptions of his new book prepared for the Palgrave publishing house, entitled \u201cGovernance for a polycentric global order\u201d. He paid special attention to the phenomenon of polycentrism in international relations and the question of what research tools to use to get to know them best.<\/p>\n\n\n\n<p><strong>Institute\u2019s plans.<\/strong><\/p>\n\n\n\n<p>The Institute\u2019s seminars are addressed to both academic staff and a wider audience. In this way, the Institute contributes to building not only the academic culture and favourable scientific environment but also the popularization of knowledge. The topics planned for 2020 include: changing international order, new technologies and international policy, research and methodological problems of the turn of 1989, political leadership, the future of European integration, Poland and the euro area, management of Polish European policy, Russia\u2019s political system, consequences of \u201cGreen Deal\u201d for the European Union and Poland.<\/p>\n\n\n          <\/div>\n  <\/div>\n<\/section>\n\n\n<section\n  class=\"o-section c-basic-section    \"\n  id=\"\">\n  <div class=\"o-wrapper c-basic-section__container\">\n    \n    <div class=\"c-basic-section__content\">\n                                                  <\/div>\n\n    <div\n      class=\"c-basic-section__content-inner-block  \">\n\n            \n          <\/div>\n  <\/div>\n<\/section>\n\n\n                  <\/div>\n \n                <div class=\"c-candidate-inf__menu u-flex-3\/12@medium u-flex-12\/12 js-candidate-inf-menu\">\n                              <div class=\"c-children-menu c-children-menu--desktop\" style=\"max-height: calc(100vh - 112px); margin-bottom:112px; overflow-y: auto;\">\n  <p class=\"c-children-menu__title u-text--strong u-text--smaller u-font-color--2\">What informations are you looking for?<\/p>\n\n  \n                            <ul class=\"o-list-bare c-children-menu__list\">\n            <li class=\"c-children-menu__item\" style=\"order: 1;\">\n      <a class=\"c-children-menu__link \"\n        href=\"https:\/\/vistula.edu.pl\/en\/university\/university-structure\/institute-of-research-in-the-discipline-of-economics-and-finance\">Institute of Research in the discipline of Economics and Finance<\/a>\n    <\/li>\n        <li class=\"c-children-menu__item\" style=\"order: 2;\">\n      <a class=\"c-children-menu__link  is-active\"\n        href=\"https:\/\/vistula.edu.pl\/en\/university\/university-structure\/institute-of-research-in-the-discipline-of-political-science-and-administration\">Institute of Research in the discipline of Political Science and Administration<\/a>\n    <\/li>\n        <li class=\"c-children-menu__item\" style=\"order: 3;\">\n      <a class=\"c-children-menu__link \"\n        href=\"https:\/\/vistula.edu.pl\/en\/university\/university-structure\/institute-of-research-in-the-discipline-of-history\">Institute of Research in the discipline of History<\/a>\n    <\/li>\n        <li class=\"c-children-menu__item\" style=\"order: 4;\">\n      <a class=\"c-children-menu__link \"\n        href=\"https:\/\/vistula.edu.pl\/en\/university\/university-structure\/asia-research-institute\">Asia Research Institute<\/a>\n    <\/li>\n        <li class=\"c-children-menu__item\" style=\"order: 5;\">\n      <a class=\"c-children-menu__link \"\n        href=\"https:\/\/vistula.edu.pl\/en\/university\/university-structure\/institute-of-research-in-the-discipline-of-management-and-quality-sciences\">Institute of Research in the discipline of Management and Quality Sciences<\/a>\n    <\/li>\n      <\/ul>\n  \n  <\/div>\n  <div class=\"c-button c-button--primary c-button--fixed-pos c-button--with-icon js-prev-section\" style=\"\n    padding-left: 5px; \n    position: sticky;\n    top: calc(100vh - 82px);\n    margin:0 15px 30px;\n    display:none;\n    width:calc(100% - 30px)\">\n    <span class=\"c-icon c-icon--rotate-180\">  \n        <svg width=\"8\" height=\"8\" viewBox=\"0 0 8 8\" fill=\"none\" xmlns=\"http:\/\/www.w3.org\/2000\/svg\">\n<path fill-rule=\"evenodd\" clip-rule=\"evenodd\" d=\"M4 8L0 0L8 0L4 8Z\" fill=\"#ffffff\"\/>\n<\/svg>\n\n    <\/span>Previous section\n  <\/div>\n \n\n<div class=\"c-children-menu c-children-menu--mobile js-select-links\" style=\"align-items:center; justify-content:space-between;\">\n\n  <div class=\"c-button c-button--primary c-button--fixed-pos c-button--with-icon js-prev-section\" style=\"\n    display:none;\n    flex: 0 0 35%; \n    margin: 0!important;\n    margin-top: -8px!important;\">\n    <span class=\"c-icon c-icon--rotate-180\">  \n        <svg width=\"8\" height=\"8\" viewBox=\"0 0 8 8\" fill=\"none\" xmlns=\"http:\/\/www.w3.org\/2000\/svg\">\n<path fill-rule=\"evenodd\" clip-rule=\"evenodd\" d=\"M4 8L0 0L8 0L4 8Z\" fill=\"#ffffff\"\/>\n<\/svg>\n\n    <\/span>Back\n  <\/div>\n                            <div style=\"flex-grow: 1;flex-basis:65%; margin-left:10px \">\n\n    <label class=\"c-label c-label--select\">\n    <span class=\"c-label__title\" id=\"form-input-label--523101\"><\/span>\n        <div class=\"c-select__container\">\n        <select id=\"form-input--523101\" name=\"menu-children\" class=\"c-select js-select\" aria-labelledby=\"form-input-label--523101\">\n                                        <option value=\"\" selected >What informations are you looking for?<\/option>\n                                                             \n               \n                        \n                                       \n                <option class=\"\" value=\"https:\/\/vistula.edu.pl\/en\/university\/university-structure\/institute-of-research-in-the-discipline-of-economics-and-finance\">Institute of Research in the discipline of Economics and Finance<\/option>\n                                                                                     \n            \n                <option class=\"active\" value=\"https:\/\/vistula.edu.pl\/en\/university\/university-structure\/institute-of-research-in-the-discipline-of-political-science-and-administration\">Institute of Research in the discipline of Political Science and Administration<\/option>\n                                                 \n               \n                        \n                                       \n                <option class=\"\" value=\"https:\/\/vistula.edu.pl\/en\/university\/university-structure\/institute-of-research-in-the-discipline-of-history\">Institute of Research in the discipline of History<\/option>\n                                                 \n               \n                        \n                                       \n                <option class=\"\" value=\"https:\/\/vistula.edu.pl\/en\/university\/university-structure\/asia-research-institute\">Asia Research Institute<\/option>\n                                                 \n               \n                        \n                                       \n                <option class=\"\" value=\"https:\/\/vistula.edu.pl\/en\/university\/university-structure\/institute-of-research-in-the-discipline-of-management-and-quality-sciences\">Institute of Research in the discipline of Management and Quality Sciences<\/option>\n                    <\/select>\n                    <\/div>\n    <\/label>\n<\/div>\n<\/div>\n\n        <\/div>\n              <\/div>\n      \n    <\/div>\n  <\/div>\n  <\/section>\n","protected":false},"excerpt":{"rendered":"<p>W\u0142adze, wydzia\u0142y, programy kszta\u0142cenia, studia, centra naukowe.<\/p>\n","protected":false},"author":4,"featured_media":6671,"parent":29252,"menu_order":337,"comment_status":"closed","ping_status":"closed","template":"","meta":{"_acf_changed":false,"inline_featured_image":false,"footnotes":""},"class_list":["post-66770","page","type-page","status-publish","has-post-thumbnail","hentry"],"acf":[],"yoast_head":"<!-- This site is optimized with the Yoast SEO plugin v26.7 - https:\/\/yoast.com\/wordpress\/plugins\/seo\/ -->\n<title>Institute of Research in the discipline of Political Science and Administration - Vistula University<\/title>\n<meta name=\"robots\" content=\"index, follow, max-snippet:-1, max-image-preview:large, max-video-preview:-1\" \/>\n<link rel=\"canonical\" href=\"https:\/\/vistula.edu.pl\/en\/university\/university-structure\/institute-of-research-in-the-discipline-of-political-science-and-administration\" \/>\n<meta property=\"og:locale\" content=\"en_US\" \/>\n<meta property=\"og:type\" content=\"article\" \/>\n<meta property=\"og:title\" content=\"Institute of Research in the discipline of Political Science and Administration - Vistula University\" \/>\n<meta property=\"og:description\" content=\"W\u0142adze, wydzia\u0142y, programy kszta\u0142cenia, studia, centra naukowe.\" \/>\n<meta property=\"og:url\" content=\"https:\/\/vistula.edu.pl\/en\/university\/university-structure\/institute-of-research-in-the-discipline-of-political-science-and-administration\" \/>\n<meta property=\"og:site_name\" content=\"Vistula University\" \/>\n<meta property=\"article:modified_time\" content=\"2022-03-22T19:58:50+00:00\" \/>\n<meta property=\"og:image\" content=\"https:\/\/vistula.edu.pl\/wp-content\/uploads\/2022\/01\/dsc-1826-870x485-1.jpeg\" \/>\n\t<meta property=\"og:image:width\" content=\"870\" \/>\n\t<meta property=\"og:image:height\" content=\"485\" \/>\n\t<meta property=\"og:image:type\" content=\"image\/jpeg\" \/>\n<meta name=\"twitter:card\" content=\"summary_large_image\" \/>\n<meta name=\"twitter:label1\" content=\"Est. reading time\" \/>\n\t<meta name=\"twitter:data1\" content=\"2 minutes\" \/>\n<script type=\"application\/ld+json\" class=\"yoast-schema-graph\">{\"@context\":\"https:\/\/schema.org\",\"@graph\":[{\"@type\":\"WebPage\",\"@id\":\"https:\/\/vistula.edu.pl\/en\/university\/university-structure\/institute-of-research-in-the-discipline-of-political-science-and-administration\",\"url\":\"https:\/\/vistula.edu.pl\/en\/university\/university-structure\/institute-of-research-in-the-discipline-of-political-science-and-administration\",\"name\":\"Institute of Research in the discipline of Political Science and Administration - Vistula University\",\"isPartOf\":{\"@id\":\"https:\/\/vistula.edu.pl\/en#website\"},\"primaryImageOfPage\":{\"@id\":\"https:\/\/vistula.edu.pl\/en\/university\/university-structure\/institute-of-research-in-the-discipline-of-political-science-and-administration#primaryimage\"},\"image\":{\"@id\":\"https:\/\/vistula.edu.pl\/en\/university\/university-structure\/institute-of-research-in-the-discipline-of-political-science-and-administration#primaryimage\"},\"thumbnailUrl\":\"https:\/\/vistula.edu.pl\/wp-content\/uploads\/2022\/01\/dsc-1826-870x485-1.jpeg\",\"datePublished\":\"2022-03-22T18:56:15+00:00\",\"dateModified\":\"2022-03-22T19:58:50+00:00\",\"breadcrumb\":{\"@id\":\"https:\/\/vistula.edu.pl\/en\/university\/university-structure\/institute-of-research-in-the-discipline-of-political-science-and-administration#breadcrumb\"},\"inLanguage\":\"en-US\",\"potentialAction\":[{\"@type\":\"ReadAction\",\"target\":[\"https:\/\/vistula.edu.pl\/en\/university\/university-structure\/institute-of-research-in-the-discipline-of-political-science-and-administration\"]}]},{\"@type\":\"ImageObject\",\"inLanguage\":\"en-US\",\"@id\":\"https:\/\/vistula.edu.pl\/en\/university\/university-structure\/institute-of-research-in-the-discipline-of-political-science-and-administration#primaryimage\",\"url\":\"https:\/\/vistula.edu.pl\/wp-content\/uploads\/2022\/01\/dsc-1826-870x485-1.jpeg\",\"contentUrl\":\"https:\/\/vistula.edu.pl\/wp-content\/uploads\/2022\/01\/dsc-1826-870x485-1.jpeg\",\"width\":870,\"height\":485,\"caption\":\"rektor, fotografia, inauguracja\"},{\"@type\":\"BreadcrumbList\",\"@id\":\"https:\/\/vistula.edu.pl\/en\/university\/university-structure\/institute-of-research-in-the-discipline-of-political-science-and-administration#breadcrumb\",\"itemListElement\":[{\"@type\":\"ListItem\",\"position\":1,\"name\":\"Home\",\"item\":\"https:\/\/vistula.edu.pl\/en\"},{\"@type\":\"ListItem\",\"position\":2,\"name\":\"University\",\"item\":\"https:\/\/vistula.edu.pl\/en\/university\"},{\"@type\":\"ListItem\",\"position\":3,\"name\":\"University structure\",\"item\":\"https:\/\/vistula.edu.pl\/en\/university\/university-structure\"},{\"@type\":\"ListItem\",\"position\":4,\"name\":\"Institute of Research in the discipline of Political Science and Administration\"}]},{\"@type\":\"WebSite\",\"@id\":\"https:\/\/vistula.edu.pl\/en#website\",\"url\":\"https:\/\/vistula.edu.pl\/en\",\"name\":\"Vistula University\",\"description\":\"\",\"publisher\":{\"@id\":\"https:\/\/vistula.edu.pl\/en#organization\"},\"potentialAction\":[{\"@type\":\"SearchAction\",\"target\":{\"@type\":\"EntryPoint\",\"urlTemplate\":\"https:\/\/vistula.edu.pl\/en?s={search_term_string}\"},\"query-input\":{\"@type\":\"PropertyValueSpecification\",\"valueRequired\":true,\"valueName\":\"search_term_string\"}}],\"inLanguage\":\"en-US\"},{\"@type\":\"Organization\",\"@id\":\"https:\/\/vistula.edu.pl\/en#organization\",\"name\":\"Vistula University\",\"url\":\"https:\/\/vistula.edu.pl\/en\",\"logo\":{\"@type\":\"ImageObject\",\"inLanguage\":\"en-US\",\"@id\":\"https:\/\/vistula.edu.pl\/en#\/schema\/logo\/image\/\",\"url\":\"https:\/\/vistula.edu.pl\/wp-content\/uploads\/2022\/02\/logo_vistula_en.svg\",\"contentUrl\":\"https:\/\/vistula.edu.pl\/wp-content\/uploads\/2022\/02\/logo_vistula_en.svg\",\"width\":52,\"height\":59,\"caption\":\"Vistula University\"},\"image\":{\"@id\":\"https:\/\/vistula.edu.pl\/en#\/schema\/logo\/image\/\"}}]}<\/script>\n<!-- \/ Yoast SEO plugin. -->","yoast_head_json":{"title":"Institute of Research in the discipline of Political Science and Administration - Vistula University","robots":{"index":"index","follow":"follow","max-snippet":"max-snippet:-1","max-image-preview":"max-image-preview:large","max-video-preview":"max-video-preview:-1"},"canonical":"https:\/\/vistula.edu.pl\/en\/university\/university-structure\/institute-of-research-in-the-discipline-of-political-science-and-administration","og_locale":"en_US","og_type":"article","og_title":"Institute of Research in the discipline of Political Science and Administration - Vistula University","og_description":"W\u0142adze, wydzia\u0142y, programy kszta\u0142cenia, studia, centra naukowe.","og_url":"https:\/\/vistula.edu.pl\/en\/university\/university-structure\/institute-of-research-in-the-discipline-of-political-science-and-administration","og_site_name":"Vistula University","article_modified_time":"2022-03-22T19:58:50+00:00","og_image":[{"width":870,"height":485,"url":"https:\/\/vistula.edu.pl\/wp-content\/uploads\/2022\/01\/dsc-1826-870x485-1.jpeg","type":"image\/jpeg"}],"twitter_card":"summary_large_image","twitter_misc":{"Est. reading time":"2 minutes"},"schema":{"@context":"https:\/\/schema.org","@graph":[{"@type":"WebPage","@id":"https:\/\/vistula.edu.pl\/en\/university\/university-structure\/institute-of-research-in-the-discipline-of-political-science-and-administration","url":"https:\/\/vistula.edu.pl\/en\/university\/university-structure\/institute-of-research-in-the-discipline-of-political-science-and-administration","name":"Institute of Research in the discipline of Political Science and Administration - Vistula University","isPartOf":{"@id":"https:\/\/vistula.edu.pl\/en#website"},"primaryImageOfPage":{"@id":"https:\/\/vistula.edu.pl\/en\/university\/university-structure\/institute-of-research-in-the-discipline-of-political-science-and-administration#primaryimage"},"image":{"@id":"https:\/\/vistula.edu.pl\/en\/university\/university-structure\/institute-of-research-in-the-discipline-of-political-science-and-administration#primaryimage"},"thumbnailUrl":"https:\/\/vistula.edu.pl\/wp-content\/uploads\/2022\/01\/dsc-1826-870x485-1.jpeg","datePublished":"2022-03-22T18:56:15+00:00","dateModified":"2022-03-22T19:58:50+00:00","breadcrumb":{"@id":"https:\/\/vistula.edu.pl\/en\/university\/university-structure\/institute-of-research-in-the-discipline-of-political-science-and-administration#breadcrumb"},"inLanguage":"en-US","potentialAction":[{"@type":"ReadAction","target":["https:\/\/vistula.edu.pl\/en\/university\/university-structure\/institute-of-research-in-the-discipline-of-political-science-and-administration"]}]},{"@type":"ImageObject","inLanguage":"en-US","@id":"https:\/\/vistula.edu.pl\/en\/university\/university-structure\/institute-of-research-in-the-discipline-of-political-science-and-administration#primaryimage","url":"https:\/\/vistula.edu.pl\/wp-content\/uploads\/2022\/01\/dsc-1826-870x485-1.jpeg","contentUrl":"https:\/\/vistula.edu.pl\/wp-content\/uploads\/2022\/01\/dsc-1826-870x485-1.jpeg","width":870,"height":485,"caption":"rektor, fotografia, inauguracja"},{"@type":"BreadcrumbList","@id":"https:\/\/vistula.edu.pl\/en\/university\/university-structure\/institute-of-research-in-the-discipline-of-political-science-and-administration#breadcrumb","itemListElement":[{"@type":"ListItem","position":1,"name":"Home","item":"https:\/\/vistula.edu.pl\/en"},{"@type":"ListItem","position":2,"name":"University","item":"https:\/\/vistula.edu.pl\/en\/university"},{"@type":"ListItem","position":3,"name":"University structure","item":"https:\/\/vistula.edu.pl\/en\/university\/university-structure"},{"@type":"ListItem","position":4,"name":"Institute of Research in the discipline of Political Science and Administration"}]},{"@type":"WebSite","@id":"https:\/\/vistula.edu.pl\/en#website","url":"https:\/\/vistula.edu.pl\/en","name":"Vistula University","description":"","publisher":{"@id":"https:\/\/vistula.edu.pl\/en#organization"},"potentialAction":[{"@type":"SearchAction","target":{"@type":"EntryPoint","urlTemplate":"https:\/\/vistula.edu.pl\/en?s={search_term_string}"},"query-input":{"@type":"PropertyValueSpecification","valueRequired":true,"valueName":"search_term_string"}}],"inLanguage":"en-US"},{"@type":"Organization","@id":"https:\/\/vistula.edu.pl\/en#organization","name":"Vistula University","url":"https:\/\/vistula.edu.pl\/en","logo":{"@type":"ImageObject","inLanguage":"en-US","@id":"https:\/\/vistula.edu.pl\/en#\/schema\/logo\/image\/","url":"https:\/\/vistula.edu.pl\/wp-content\/uploads\/2022\/02\/logo_vistula_en.svg","contentUrl":"https:\/\/vistula.edu.pl\/wp-content\/uploads\/2022\/02\/logo_vistula_en.svg","width":52,"height":59,"caption":"Vistula University"},"image":{"@id":"https:\/\/vistula.edu.pl\/en#\/schema\/logo\/image\/"}}]}},"_links":{"self":[{"href":"https:\/\/vistula.edu.pl\/en\/wp-json\/wp\/v2\/pages\/66770","targetHints":{"allow":["GET"]}}],"collection":[{"href":"https:\/\/vistula.edu.pl\/en\/wp-json\/wp\/v2\/pages"}],"about":[{"href":"https:\/\/vistula.edu.pl\/en\/wp-json\/wp\/v2\/types\/page"}],"author":[{"embeddable":true,"href":"https:\/\/vistula.edu.pl\/en\/wp-json\/wp\/v2\/users\/4"}],"replies":[{"embeddable":true,"href":"https:\/\/vistula.edu.pl\/en\/wp-json\/wp\/v2\/comments?post=66770"}],"version-history":[{"count":0,"href":"https:\/\/vistula.edu.pl\/en\/wp-json\/wp\/v2\/pages\/66770\/revisions"}],"up":[{"embeddable":true,"href":"https:\/\/vistula.edu.pl\/en\/wp-json\/wp\/v2\/pages\/29252"}],"wp:featuredmedia":[{"embeddable":true,"href":"https:\/\/vistula.edu.pl\/en\/wp-json\/wp\/v2\/media\/6671"}],"wp:attachment":[{"href":"https:\/\/vistula.edu.pl\/en\/wp-json\/wp\/v2\/media?parent=66770"}],"curies":[{"name":"wp","href":"https:\/\/api.w.org\/{rel}","templated":true}]}}